{"id":2301,"date":"2020-04-30T09:02:09","date_gmt":"2020-04-30T09:02:09","guid":{"rendered":"https:\/\/www.madenkurtarma.org.tr\/news\/"},"modified":"2024-09-03T14:15:16","modified_gmt":"2024-09-03T14:15:16","slug":"news","status":"publish","type":"page","link":"https:\/\/www.madenkurtarma.org.tr\/en\/news\/","title":{"rendered":"NEWS"},"content":{"rendered":"\t\t<div data-elementor-type=\"wp-page\" data-elementor-id=\"2301\" class=\"elementor elementor-2301 elementor-32\">\n\t\t\t\t\t\t<section class=\"elementor-section elementor-top-section elementor-element elementor-element-7da5f59 elementor-section-stretched elementor-section-boxed elementor-section-height-default elementor-section-height-default\" data-id=\"7da5f59\" data-element_type=\"section\" data-settings=\"{&quot;stretch_section&quot;:&quot;section-stretched&quot;}\">\n\t\t\t\t\t\t<div class=\"elementor-container elementor-column-gap-wider\">\n\t\t\t\t\t<div class=\"elementor-column elementor-col-100 elementor-top-column elementor-element elementor-element-83aa96d\" data-id=\"83aa96d\" data-element_type=\"column\">\n\t\t\t<div class=\"elementor-widget-wrap elementor-element-populated\">\n\t\t\t\t\t\t<div class=\"elementor-element elementor-element-685b660 elementor-widget elementor-widget-mfn_blog\" data-id=\"685b660\" data-element_type=\"widget\" data-widget_type=\"mfn_blog.default\">\n\t\t\t\t<div class=\"elementor-widget-container\">\n\t\t\t<div class=\"column_filters\"><div class=\"blog_wrapper isotope_wrapper clearfix\"><div class=\"posts_group lm_wrapper col-2 grid hide-more\"><article class=\"post post-item isotope-item clearfix post-2668 type-post status-publish format-standard has-post-thumbnail hentry category-uncategorized\" style=\"\"><div class=\"date_label\">August 8, 2025<\/div><div class=\"image_frame post-photo-wrapper scale-with-grid image\"><div class=\"image_wrapper\"><a href=\"https:\/\/www.madenkurtarma.org.tr\/en\/cayeli-bakir-and-tuprag-shared-first-place-in-the-3rd-mine-rescue-competition\/\"><div class=\"mask\"><\/div><img fetchpriority=\"high\" decoding=\"async\" width=\"720\" height=\"480\" src=\"https:\/\/www.madenkurtarma.org.tr\/wp-content\/uploads\/2025\/08\/WhatsApp-Image-2025-08-08-at-13.55.32-1-720x480.jpeg\" class=\"scale-with-grid wp-post-image\" alt=\"\" \/><\/a><div class=\"image_links double\"><a class=\"zoom \"  rel=\"prettyphoto\" href=\"https:\/\/www.madenkurtarma.org.tr\/wp-content\/uploads\/2025\/08\/WhatsApp-Image-2025-08-08-at-13.55.32-1-1200x685.jpeg\"><svg viewBox=\"0 0 26 26\"><defs><style>.path{fill:none;stroke:#333;stroke-miterlimit:10;stroke-width:1.5px;}<\/style><\/defs><circle cx=\"11.35\" cy=\"11.35\" r=\"6\" class=\"path\"><\/circle><line x1=\"15.59\" y1=\"15.59\" x2=\"20.65\" y2=\"20.65\" class=\"path\"><\/line><\/svg><\/a><a class=\"link \"  href=\"https:\/\/www.madenkurtarma.org.tr\/en\/cayeli-bakir-and-tuprag-shared-first-place-in-the-3rd-mine-rescue-competition\/\"><svg viewBox=\"0 0 26 26\"><defs><style>.path{fill:none;stroke:#333;stroke-miterlimit:10;stroke-width:1.5px;}<\/style><\/defs><g><path d=\"M10.17,8.76l2.12-2.12a5,5,0,0,1,7.07,0h0a5,5,0,0,1,0,7.07l-2.12,2.12\" class=\"path\"><\/path><path d=\"M15.83,17.24l-2.12,2.12a5,5,0,0,1-7.07,0h0a5,5,0,0,1,0-7.07l2.12-2.12\" class=\"path\"><\/path><line x1=\"10.17\" y1=\"15.83\" x2=\"15.83\" y2=\"10.17\" class=\"path\"><\/line><\/g><\/svg><\/a><\/div><\/div><\/div><div class=\"post-desc-wrapper bg- has-custom-bg\" style=\"\"><div class=\"post-desc\"><div class=\"post-head\"><div class=\"post-meta clearfix\"><div class=\"author-date\"><span class=\"date\"><i class=\"icon-clock\"><\/i> <span class=\"post-date updated\">August 8, 2025<\/span><\/span><\/div><div class=\"category\"><span class=\"cat-btn\">Categories <i class=\"icon-down-dir\" aria-hidden=\"true\"><\/i><\/span><div class=\"cat-wrapper\"><ul class=\"post-categories\">\n\t<li><a href=\"https:\/\/www.madenkurtarma.org.tr\/en\/category\/uncategorized\/\" rel=\"category tag\">Uncategorized<\/a><\/li><\/ul><\/div><\/div><\/div><\/div><div class=\"post-title\"><h4 class=\"entry-title\" itemprop=\"headline\"><a href=\"https:\/\/www.madenkurtarma.org.tr\/en\/cayeli-bakir-and-tuprag-shared-first-place-in-the-3rd-mine-rescue-competition\/\">\u00c7AYEL\u0130 BAKIR AND T\u00dcPRAG SHARED FIRST PLACE IN THE 3RD MINE RESCUE COMPETITION.<\/a><\/h4><\/div><\/div><\/div><\/article><article class=\"post post-item isotope-item clearfix post-2336 type-post status-publish format-standard has-post-thumbnail hentry category-uncategorized\" style=\"\"><div class=\"date_label\">June 18, 2024<\/div><div class=\"image_frame post-photo-wrapper scale-with-grid image\"><div class=\"image_wrapper\"><a href=\"https:\/\/www.madenkurtarma.org.tr\/en\/the-3rd-mine-rescue-competition-will-be-held-at-tki-tuncbilek-operation\/\"><div class=\"mask\"><\/div><img decoding=\"async\" width=\"720\" height=\"480\" src=\"https:\/\/www.madenkurtarma.org.tr\/wp-content\/uploads\/2024\/06\/3.-maden-kurtarma-yarismasi.jpg\" class=\"scale-with-grid wp-post-image\" alt=\"\" srcset=\"https:\/\/www.madenkurtarma.org.tr\/wp-content\/uploads\/2024\/06\/3.-maden-kurtarma-yarismasi.jpg 720w, https:\/\/www.madenkurtarma.org.tr\/wp-content\/uploads\/2024\/06\/3.-maden-kurtarma-yarismasi-500x333.jpg 500w, https:\/\/www.madenkurtarma.org.tr\/wp-content\/uploads\/2024\/06\/3.-maden-kurtarma-yarismasi-300x200.jpg 300w, https:\/\/www.madenkurtarma.org.tr\/wp-content\/uploads\/2024\/06\/3.-maden-kurtarma-yarismasi-113x75.jpg 113w, https:\/\/www.madenkurtarma.org.tr\/wp-content\/uploads\/2024\/06\/3.-maden-kurtarma-yarismasi-480x320.jpg 480w\" sizes=\"(max-width:767px) 480px, 720px\" \/><\/a><div class=\"image_links double\"><a class=\"zoom \"  rel=\"prettyphoto\" href=\"https:\/\/www.madenkurtarma.org.tr\/wp-content\/uploads\/2024\/06\/3.-maden-kurtarma-yarismasi.jpg\"><svg viewBox=\"0 0 26 26\"><defs><style>.path{fill:none;stroke:#333;stroke-miterlimit:10;stroke-width:1.5px;}<\/style><\/defs><circle cx=\"11.35\" cy=\"11.35\" r=\"6\" class=\"path\"><\/circle><line x1=\"15.59\" y1=\"15.59\" x2=\"20.65\" y2=\"20.65\" class=\"path\"><\/line><\/svg><\/a><a class=\"link \"  href=\"https:\/\/www.madenkurtarma.org.tr\/en\/the-3rd-mine-rescue-competition-will-be-held-at-tki-tuncbilek-operation\/\"><svg viewBox=\"0 0 26 26\"><defs><style>.path{fill:none;stroke:#333;stroke-miterlimit:10;stroke-width:1.5px;}<\/style><\/defs><g><path d=\"M10.17,8.76l2.12-2.12a5,5,0,0,1,7.07,0h0a5,5,0,0,1,0,7.07l-2.12,2.12\" class=\"path\"><\/path><path d=\"M15.83,17.24l-2.12,2.12a5,5,0,0,1-7.07,0h0a5,5,0,0,1,0-7.07l2.12-2.12\" class=\"path\"><\/path><line x1=\"10.17\" y1=\"15.83\" x2=\"15.83\" y2=\"10.17\" class=\"path\"><\/line><\/g><\/svg><\/a><\/div><\/div><\/div><div class=\"post-desc-wrapper bg- has-custom-bg\" style=\"\"><div class=\"post-desc\"><div class=\"post-head\"><div class=\"post-meta clearfix\"><div class=\"author-date\"><span class=\"date\"><i class=\"icon-clock\"><\/i> <span class=\"post-date updated\">June 18, 2024<\/span><\/span><\/div><div class=\"category\"><span class=\"cat-btn\">Categories <i class=\"icon-down-dir\" aria-hidden=\"true\"><\/i><\/span><div class=\"cat-wrapper\"><ul class=\"post-categories\">\n\t<li><a href=\"https:\/\/www.madenkurtarma.org.tr\/en\/category\/uncategorized\/\" rel=\"category tag\">Uncategorized<\/a><\/li><\/ul><\/div><\/div><\/div><\/div><div class=\"post-title\"><h4 class=\"entry-title\" itemprop=\"headline\"><a href=\"https:\/\/www.madenkurtarma.org.tr\/en\/the-3rd-mine-rescue-competition-will-be-held-at-tki-tuncbilek-operation\/\">The 3rd Mine Rescue Competition Will Be Held at TK\u0130 Tun\u00e7bilek Operation<\/a><\/h4><\/div><\/div><\/div><\/article><article class=\"post post-item isotope-item clearfix post-2363 type-post status-publish format-standard has-post-thumbnail hentry category-uncategorized\" style=\"\"><div class=\"date_label\">September 23, 2022<\/div><div class=\"image_frame post-photo-wrapper scale-with-grid image\"><div class=\"image_wrapper\"><a href=\"https:\/\/www.madenkurtarma.org.tr\/en\/koza-altin-won-the-best-team-award-in-the-2nd-mine-rescue-competition\/\"><div class=\"mask\"><\/div><img decoding=\"async\" width=\"720\" height=\"480\" src=\"https:\/\/www.madenkurtarma.org.tr\/wp-content\/uploads\/2024\/08\/2-maden-kurtarma-yarismasi-nda-en-iyi-takim-o-15308586_amp-e1723937818214-720x480.webp\" class=\"scale-with-grid wp-post-image\" alt=\"\" \/><\/a><div class=\"image_links double\"><a class=\"zoom \"  rel=\"prettyphoto\" href=\"https:\/\/www.madenkurtarma.org.tr\/wp-content\/uploads\/2024\/08\/2-maden-kurtarma-yarismasi-nda-en-iyi-takim-o-15308586_amp-e1723937818214.webp\"><svg viewBox=\"0 0 26 26\"><defs><style>.path{fill:none;stroke:#333;stroke-miterlimit:10;stroke-width:1.5px;}<\/style><\/defs><circle cx=\"11.35\" cy=\"11.35\" r=\"6\" class=\"path\"><\/circle><line x1=\"15.59\" y1=\"15.59\" x2=\"20.65\" y2=\"20.65\" class=\"path\"><\/line><\/svg><\/a><a class=\"link \"  href=\"https:\/\/www.madenkurtarma.org.tr\/en\/koza-altin-won-the-best-team-award-in-the-2nd-mine-rescue-competition\/\"><svg viewBox=\"0 0 26 26\"><defs><style>.path{fill:none;stroke:#333;stroke-miterlimit:10;stroke-width:1.5px;}<\/style><\/defs><g><path d=\"M10.17,8.76l2.12-2.12a5,5,0,0,1,7.07,0h0a5,5,0,0,1,0,7.07l-2.12,2.12\" class=\"path\"><\/path><path d=\"M15.83,17.24l-2.12,2.12a5,5,0,0,1-7.07,0h0a5,5,0,0,1,0-7.07l2.12-2.12\" class=\"path\"><\/path><line x1=\"10.17\" y1=\"15.83\" x2=\"15.83\" y2=\"10.17\" class=\"path\"><\/line><\/g><\/svg><\/a><\/div><\/div><\/div><div class=\"post-desc-wrapper bg- has-custom-bg\" style=\"\"><div class=\"post-desc\"><div class=\"post-head\"><div class=\"post-meta clearfix\"><div class=\"author-date\"><span class=\"date\"><i class=\"icon-clock\"><\/i> <span class=\"post-date updated\">September 23, 2022<\/span><\/span><\/div><div class=\"category\"><span class=\"cat-btn\">Categories <i class=\"icon-down-dir\" aria-hidden=\"true\"><\/i><\/span><div class=\"cat-wrapper\"><ul class=\"post-categories\">\n\t<li><a href=\"https:\/\/www.madenkurtarma.org.tr\/en\/category\/uncategorized\/\" rel=\"category tag\">Uncategorized<\/a><\/li><\/ul><\/div><\/div><\/div><\/div><div class=\"post-title\"><h4 class=\"entry-title\" itemprop=\"headline\"><a href=\"https:\/\/www.madenkurtarma.org.tr\/en\/koza-altin-won-the-best-team-award-in-the-2nd-mine-rescue-competition\/\">Koza Alt\u0131n won the best team award in the &#8220;2nd Mine Rescue Competition&#8221;<\/a><\/h4><\/div><\/div><\/div><\/article><article class=\"post post-item isotope-item clearfix post-2338 type-post status-publish format-standard has-post-thumbnail hentry category-uncategorized\" style=\"\"><div class=\"date_label\">September 19, 2022<\/div><div class=\"image_frame post-photo-wrapper scale-with-grid image\"><div class=\"image_wrapper\"><a href=\"https:\/\/www.madenkurtarma.org.tr\/en\/2nd-mine-rescue-competition-has-started\/\"><div class=\"mask\"><\/div><img loading=\"lazy\" decoding=\"async\" width=\"711\" height=\"480\" src=\"https:\/\/www.madenkurtarma.org.tr\/wp-content\/uploads\/2022\/09\/thumbs_b_c_c55c8c648467fcc398f16c10a209b4a5-720x486.jpg\" class=\"scale-with-grid wp-post-image\" alt=\"\" \/><\/a><div class=\"image_links double\"><a class=\"zoom \"  rel=\"prettyphoto\" href=\"https:\/\/www.madenkurtarma.org.tr\/wp-content\/uploads\/2022\/09\/thumbs_b_c_c55c8c648467fcc398f16c10a209b4a5.jpg\"><svg viewBox=\"0 0 26 26\"><defs><style>.path{fill:none;stroke:#333;stroke-miterlimit:10;stroke-width:1.5px;}<\/style><\/defs><circle cx=\"11.35\" cy=\"11.35\" r=\"6\" class=\"path\"><\/circle><line x1=\"15.59\" y1=\"15.59\" x2=\"20.65\" y2=\"20.65\" class=\"path\"><\/line><\/svg><\/a><a class=\"link \"  href=\"https:\/\/www.madenkurtarma.org.tr\/en\/2nd-mine-rescue-competition-has-started\/\"><svg viewBox=\"0 0 26 26\"><defs><style>.path{fill:none;stroke:#333;stroke-miterlimit:10;stroke-width:1.5px;}<\/style><\/defs><g><path d=\"M10.17,8.76l2.12-2.12a5,5,0,0,1,7.07,0h0a5,5,0,0,1,0,7.07l-2.12,2.12\" class=\"path\"><\/path><path d=\"M15.83,17.24l-2.12,2.12a5,5,0,0,1-7.07,0h0a5,5,0,0,1,0-7.07l2.12-2.12\" class=\"path\"><\/path><line x1=\"10.17\" y1=\"15.83\" x2=\"15.83\" y2=\"10.17\" class=\"path\"><\/line><\/g><\/svg><\/a><\/div><\/div><\/div><div class=\"post-desc-wrapper bg- has-custom-bg\" style=\"\"><div class=\"post-desc\"><div class=\"post-head\"><div class=\"post-meta clearfix\"><div class=\"author-date\"><span class=\"date\"><i class=\"icon-clock\"><\/i> <span class=\"post-date updated\">September 19, 2022<\/span><\/span><\/div><div class=\"category\"><span class=\"cat-btn\">Categories <i class=\"icon-down-dir\" aria-hidden=\"true\"><\/i><\/span><div class=\"cat-wrapper\"><ul class=\"post-categories\">\n\t<li><a href=\"https:\/\/www.madenkurtarma.org.tr\/en\/category\/uncategorized\/\" rel=\"category tag\">Uncategorized<\/a><\/li><\/ul><\/div><\/div><\/div><\/div><div class=\"post-title\"><h4 class=\"entry-title\" itemprop=\"headline\"><a href=\"https:\/\/www.madenkurtarma.org.tr\/en\/2nd-mine-rescue-competition-has-started\/\">&#8220;2nd Mine Rescue Competition&#8221; has started<\/a><\/h4><\/div><\/div><\/div><\/article><\/div><div class=\"column one pager_wrapper pager_lm\"><a rel=\"next\" class=\"pager_load_more button has-icon\" href=\"https:\/\/www.madenkurtarma.org.tr\/en\/wp-json\/wp\/v2\/pages\/2301\/page\/2\/\"><span class=\"button_icon\"><i class=\"icon-layout\" aria-hidden=\"true\"><\/i><\/span><span class=\"button_label\">More<\/span><\/a><\/div><\/div>\n<\/div>\n\t\t<\/div>\n\t\t\t\t<\/div>\n\t\t\t\t\t<\/div>\n\t\t<\/div>\n\t\t\t\t\t<\/div>\n\t\t<\/section>\n\t\t\t\t<\/div>\n\t\t","protected":false},"excerpt":{"rendered":"<p>Haziran 18, 2024 Haziran 18, 2024Categories Uncategorized 3. Maden Kurtarma Yar\u0131\u015fmas\u0131 TK\u0130 Tun\u00e7bilek \u0130\u015fletmesi\u2019nde Ger\u00e7ekle\u015ftirilecek Eyl\u00fcl 23, 2022 Eyl\u00fcl 23, 2022Categories Uncategorized &#8220;2. Maden Kurtarma Yar\u0131\u015fmas\u0131&#8221;nda<span class=\"excerpt-hellip\"> [\u2026]<\/span><\/p>\n","protected":false},"author":1,"featured_media":0,"parent":0,"menu_order":0,"comment_status":"closed","ping_status":"closed","template":"","meta":{"footnotes":""},"class_list":["post-2301","page","type-page","status-publish","hentry"],"_links":{"self":[{"href":"https:\/\/www.madenkurtarma.org.tr\/en\/wp-json\/wp\/v2\/pages\/2301","targetHints":{"allow":["GET"]}}],"collection":[{"href":"https:\/\/www.madenkurtarma.org.tr\/en\/wp-json\/wp\/v2\/pages"}],"about":[{"href":"https:\/\/www.madenkurtarma.org.tr\/en\/wp-json\/wp\/v2\/types\/page"}],"author":[{"embeddable":true,"href":"https:\/\/www.madenkurtarma.org.tr\/en\/wp-json\/wp\/v2\/users\/1"}],"replies":[{"embeddable":true,"href":"https:\/\/www.madenkurtarma.org.tr\/en\/wp-json\/wp\/v2\/comments?post=2301"}],"version-history":[{"count":2,"href":"https:\/\/www.madenkurtarma.org.tr\/en\/wp-json\/wp\/v2\/pages\/2301\/revisions"}],"predecessor-version":[{"id":2304,"href":"https:\/\/www.madenkurtarma.org.tr\/en\/wp-json\/wp\/v2\/pages\/2301\/revisions\/2304"}],"wp:attachment":[{"href":"https:\/\/www.madenkurtarma.org.tr\/en\/wp-json\/wp\/v2\/media?parent=2301"}],"curies":[{"name":"wp","href":"https:\/\/api.w.org\/{rel}","templated":true}]}}